{"id":1264,"date":"2025-04-27T19:17:06","date_gmt":"2025-04-27T17:17:06","guid":{"rendered":"http:\/\/divadlometeora.cz\/?page_id=1264"},"modified":"2025-04-27T19:17:06","modified_gmt":"2025-04-27T17:17:06","slug":"totalne-stastni-2","status":"publish","type":"page","link":"http:\/\/divadlometeora.cz\/?page_id=1264","title":{"rendered":"Tot\u00e1ln\u011b \u0161\u0165astn\u00ed"},"content":{"rendered":"\n<p>Komedie vypr\u00e1v\u00ed o generaci dne\u0161n\u00edch t\u0159ic\u00e1tn\u00edk\u016f a\u017e \u010dty\u0159ic\u00e1tn\u00edk\u016f. Jsou mlad\u00ed, talentovan\u00ed, dob\u0159e vypadaj\u00ed, sv\u011bt jim le\u017e\u00ed u nohou, zkr\u00e1tka jsou tot\u00e1ln\u011b \u0161\u0165astn\u00ed \u2013 nebo ne?<\/p>\n\n\n\n<p>Mlad\u00fd mu\u017e vstoup\u00ed otev\u0159en\u00fdmi dve\u0159mi do bytu sv\u00e9 sousedky, p\u0159\u00edmo doprost\u0159ed erotick\u00e9ho telefon\u00e1tu. Pot\u00e9, co mlad\u00e1 \u017eena telefon\u00e1t ukon\u010d\u00ed, p\u016fj\u010d\u00ed si od n\u00ed kondom a rozlou\u010d\u00ed se. O chv\u00edli pozd\u011bji jsou ze sousedn\u00edho bytu sly\u0161et v\u00e1\u0161niv\u00e9 vzdechy, mlad\u00e1 \u017eena tlu\u010de na ze\u010f a jej\u00ed soused se vr\u00e1t\u00ed zp\u011bt.<\/p>\n\n\n\n<p>Jeden se chce o druh\u00e9m dozv\u011bd\u011bt v\u00edc, ale oba nech\u00e1vaj\u00ed toho druh\u00e9ho v domn\u011bn\u00ed, \u017ee ne\u017eij\u00ed sami, n\u00fdbr\u017e spokojeni se sv\u00fdm partnerem. Ukazuje se ale, \u017ee jsou oba osam\u011bl\u00ed singles. Ona nen\u00ed nadan\u00e1 here\u010dka, on nen\u00ed slavn\u00fd spisovatel. Ona si vyd\u011bl\u00e1v\u00e1 na \u017eivobyt\u00ed sexem po telefonu a \u017eije s plak\u00e1tem jm\u00e9nem Paul, on se nech\u00e1v\u00e1 \u017eivit rodi\u010di a se sv\u00fdm \u201ebestsellerem\u201c ho vyhodili z n\u011bkolika nakladatelstv\u00ed, nav\u00edc se rozhodne sp\u00e1chat sebevra\u017edu. Ona ne\u017eije s \u017e\u00e1dn\u00fdm mu\u017eem a pou\u0161t\u00ed CD se zvuky partnersk\u00e9ho sou\u017eit\u00ed, v jeho byt\u011b se v \u017e\u00e1dn\u00e9m p\u0159\u00edpad\u011b neodehr\u00e1v\u00e1 v\u00e1\u0161niv\u00fd vztah, jenom si pou\u0161t\u00ed nahlas porno. A tak se oba sna\u017e\u00ed dr\u017eet si realitu od t\u011bla za pomoci hlas\u016f anonymn\u00edch z\u00e1kazn\u00edk\u016f, CD p\u00edsn\u00ed pro singles s n\u00e1zvem \u201eJi\u017e nikdy sami\u201c a vzdech\u016f pornoherc\u016f na obrazovce \u2013 t\u00edm v\u0161ak vyt\u011bs\u0148uj\u00ed i sv\u00e9 sny o jin\u00e9m \u017eivot\u011b.<\/p>\n\n\n\n<p>Pomalu se v\u0161ak odva\u017euj\u00ed vyj\u00edt ze sv\u00fdch \u010dty\u0159 st\u011bn, ze sv\u00e9 anonymity do nezn\u00e1m\u00e9ho ter\u00e9nu, jeden k druh\u00e9mu. St\u0159etnou se tak s pravdou a jsou konfrontov\u00e1ni s p\u0159\u00edpadn\u00fdm \u0161t\u011bst\u00edm \u2013 poda\u0159\u00ed se jim v\u00e1hav\u011b vyrazit ze sv\u00e9 emo\u010dn\u00ed bezpe\u010dnostn\u00ed z\u00f3ny?<\/p>\n\n\n\n<p>Ve v\u011bku, kdy lze l\u00e1sku z\u00edskat pouh\u00fdm stiskem tla\u010d\u00edtka, je n\u00e1rok na vlastn\u00ed \u0161t\u011bst\u00ed enormn\u00ed a selh\u00e1n\u00ed je nemysliteln\u00e9 a nev\u00fdslovn\u00e9.<\/p>\n\n\n\n<p>Autorka: Silke Hassler<\/p>\n\n\n\n<p>P\u0159eklad: Michal Kotrou\u0161<\/p>\n\n\n\n<p>Re\u017eie: Konr\u00e1d Popel<\/p>\n\n\n\n<p>Hraj\u00ed: Krist\u00fdna \u0160t\u00edvov\u00e1, Petr \u0160t\u00edva, Jan Ger\u017ea<\/p>\n\n\n\n<p>Hudba: Jan Ger\u017ea<\/p>\n\n\n\n<p>Technika: Maty\u00e1\u0161 \u0160t\u00edva<\/p>\n\n\n\n<figure class=\"wp-block-image size-large\"><a href=\"http:\/\/divadlometeora.cz\/wp-content\/uploads\/2017\/05\/valasske_divadlo_1.7..jpg\"><img decoding=\"async\" loading=\"lazy\" width=\"724\" height=\"1024\" src=\"http:\/\/divadlometeora.cz\/wp-content\/uploads\/2017\/05\/valasske_divadlo_1.7.-724x1024.jpg\" alt=\"\" class=\"wp-image-105\" srcset=\"http:\/\/divadlometeora.cz\/wp-content\/uploads\/2017\/05\/valasske_divadlo_1.7.-724x1024.jpg 724w, http:\/\/divadlometeora.cz\/wp-content\/uploads\/2017\/05\/valasske_divadlo_1.7.-212x300.jpg 212w, http:\/\/divadlometeora.cz\/wp-content\/uploads\/2017\/05\/valasske_divadlo_1.7.-768x1086.jpg 768w\" sizes=\"(max-width: 724px) 100vw, 724px\" \/><\/a><\/figure>\n","protected":false},"excerpt":{"rendered":"<p>Komedie vypr\u00e1v\u00ed o generaci dne\u0161n\u00edch t\u0159ic\u00e1tn\u00edk\u016f a\u017e \u010dty\u0159ic\u00e1tn\u00edk\u016f. Jsou mlad\u00ed, talentovan\u00ed, dob\u0159e vypadaj\u00ed, sv\u011bt jim le\u017e\u00ed u nohou, zkr\u00e1tka jsou tot\u00e1ln\u011b \u0161\u0165astn\u00ed \u2013 nebo ne? Mlad\u00fd mu\u017e vstoup\u00ed otev\u0159en\u00fdmi dve\u0159mi [&hellip;]<\/p>\n","protected":false},"author":1,"featured_media":0,"parent":0,"menu_order":0,"comment_status":"closed","ping_status":"closed","template":"","meta":{"footnotes":""},"_links":{"self":[{"href":"http:\/\/divadlometeora.cz\/index.php?rest_route=\/wp\/v2\/pages\/1264"}],"collection":[{"href":"http:\/\/divadlometeora.cz\/index.php?rest_route=\/wp\/v2\/pages"}],"about":[{"href":"http:\/\/divadlometeora.cz\/index.php?rest_route=\/wp\/v2\/types\/page"}],"author":[{"embeddable":true,"href":"http:\/\/divadlometeora.cz\/index.php?rest_route=\/wp\/v2\/users\/1"}],"replies":[{"embeddable":true,"href":"http:\/\/divadlometeora.cz\/index.php?rest_route=%2Fwp%2Fv2%2Fcomments&post=1264"}],"version-history":[{"count":1,"href":"http:\/\/divadlometeora.cz\/index.php?rest_route=\/wp\/v2\/pages\/1264\/revisions"}],"predecessor-version":[{"id":1266,"href":"http:\/\/divadlometeora.cz\/index.php?rest_route=\/wp\/v2\/pages\/1264\/revisions\/1266"}],"wp:attachment":[{"href":"http:\/\/divadlometeora.cz\/index.php?rest_route=%2Fwp%2Fv2%2Fmedia&parent=1264"}],"curies":[{"name":"wp","href":"https:\/\/api.w.org\/{rel}","templated":true}]}}