{"id":469,"date":"2018-07-28T12:09:27","date_gmt":"2018-07-28T10:09:27","guid":{"rendered":"http:\/\/divadlometeora.cz\/?page_id=469"},"modified":"2022-04-29T13:42:55","modified_gmt":"2022-04-29T11:42:55","slug":"totalne-stastni","status":"publish","type":"page","link":"http:\/\/divadlometeora.cz\/?page_id=469","title":{"rendered":"Tot\u00e1ln\u011b \u0161\u0165astn\u00ed"},"content":{"rendered":"<p><a href=\"http:\/\/divadlometeora.cz\/wp-content\/uploads\/2018\/07\/tot\u00e1l1.jpg\"><img decoding=\"async\" loading=\"lazy\" class=\"alignnone size-medium wp-image-906\" src=\"http:\/\/divadlometeora.cz\/wp-content\/uploads\/2018\/07\/tot\u00e1l1-300x225.jpg\" alt=\"\" width=\"300\" height=\"225\" srcset=\"http:\/\/divadlometeora.cz\/wp-content\/uploads\/2018\/07\/tot\u00e1l1-300x225.jpg 300w, http:\/\/divadlometeora.cz\/wp-content\/uploads\/2018\/07\/tot\u00e1l1-768x576.jpg 768w, http:\/\/divadlometeora.cz\/wp-content\/uploads\/2018\/07\/tot\u00e1l1-1024x768.jpg 1024w, http:\/\/divadlometeora.cz\/wp-content\/uploads\/2018\/07\/tot\u00e1l1.jpg 1227w\" sizes=\"(max-width: 300px) 100vw, 300px\" \/><\/a> <a href=\"http:\/\/divadlometeora.cz\/wp-content\/uploads\/2018\/07\/tot\u00e1l2.jpg\"><img decoding=\"async\" loading=\"lazy\" class=\"alignnone size-medium wp-image-905\" src=\"http:\/\/divadlometeora.cz\/wp-content\/uploads\/2018\/07\/tot\u00e1l2-300x225.jpg\" alt=\"\" width=\"300\" height=\"225\" srcset=\"http:\/\/divadlometeora.cz\/wp-content\/uploads\/2018\/07\/tot\u00e1l2-300x225.jpg 300w, http:\/\/divadlometeora.cz\/wp-content\/uploads\/2018\/07\/tot\u00e1l2-768x576.jpg 768w, http:\/\/divadlometeora.cz\/wp-content\/uploads\/2018\/07\/tot\u00e1l2-1024x768.jpg 1024w, http:\/\/divadlometeora.cz\/wp-content\/uploads\/2018\/07\/tot\u00e1l2.jpg 1227w\" sizes=\"(max-width: 300px) 100vw, 300px\" \/><\/a> <a href=\"http:\/\/divadlometeora.cz\/wp-content\/uploads\/2018\/07\/tot\u00e1l3.jpg\"><img decoding=\"async\" loading=\"lazy\" class=\"alignnone size-medium wp-image-904\" src=\"http:\/\/divadlometeora.cz\/wp-content\/uploads\/2018\/07\/tot\u00e1l3-300x225.jpg\" alt=\"\" width=\"300\" height=\"225\" srcset=\"http:\/\/divadlometeora.cz\/wp-content\/uploads\/2018\/07\/tot\u00e1l3-300x225.jpg 300w, http:\/\/divadlometeora.cz\/wp-content\/uploads\/2018\/07\/tot\u00e1l3-768x576.jpg 768w, http:\/\/divadlometeora.cz\/wp-content\/uploads\/2018\/07\/tot\u00e1l3-1024x768.jpg 1024w, http:\/\/divadlometeora.cz\/wp-content\/uploads\/2018\/07\/tot\u00e1l3.jpg 1227w\" sizes=\"(max-width: 300px) 100vw, 300px\" \/><\/a> <a href=\"http:\/\/divadlometeora.cz\/wp-content\/uploads\/2018\/07\/tot\u00e1l4.jpg\"><img decoding=\"async\" loading=\"lazy\" class=\"alignnone size-medium wp-image-903\" src=\"http:\/\/divadlometeora.cz\/wp-content\/uploads\/2018\/07\/tot\u00e1l4-300x169.jpg\" alt=\"\" width=\"300\" height=\"169\" srcset=\"http:\/\/divadlometeora.cz\/wp-content\/uploads\/2018\/07\/tot\u00e1l4-300x169.jpg 300w, http:\/\/divadlometeora.cz\/wp-content\/uploads\/2018\/07\/tot\u00e1l4-768x432.jpg 768w, http:\/\/divadlometeora.cz\/wp-content\/uploads\/2018\/07\/tot\u00e1l4-1024x576.jpg 1024w, http:\/\/divadlometeora.cz\/wp-content\/uploads\/2018\/07\/tot\u00e1l4.jpg 1600w\" sizes=\"(max-width: 300px) 100vw, 300px\" \/><\/a> <a href=\"http:\/\/divadlometeora.cz\/wp-content\/uploads\/2018\/07\/tot\u00e1l5.jpg\"><img decoding=\"async\" loading=\"lazy\" class=\"alignnone size-medium wp-image-902\" src=\"http:\/\/divadlometeora.cz\/wp-content\/uploads\/2018\/07\/tot\u00e1l5-300x169.jpg\" alt=\"\" width=\"300\" height=\"169\" srcset=\"http:\/\/divadlometeora.cz\/wp-content\/uploads\/2018\/07\/tot\u00e1l5-300x169.jpg 300w, http:\/\/divadlometeora.cz\/wp-content\/uploads\/2018\/07\/tot\u00e1l5-768x432.jpg 768w, http:\/\/divadlometeora.cz\/wp-content\/uploads\/2018\/07\/tot\u00e1l5-1024x576.jpg 1024w, http:\/\/divadlometeora.cz\/wp-content\/uploads\/2018\/07\/tot\u00e1l5.jpg 1600w\" sizes=\"(max-width: 300px) 100vw, 300px\" \/><\/a> <a href=\"http:\/\/divadlometeora.cz\/wp-content\/uploads\/2018\/07\/tot\u00e1l6.jpg\"><img decoding=\"async\" loading=\"lazy\" class=\"alignnone size-medium wp-image-901\" src=\"http:\/\/divadlometeora.cz\/wp-content\/uploads\/2018\/07\/tot\u00e1l6-300x169.jpg\" alt=\"\" width=\"300\" height=\"169\" srcset=\"http:\/\/divadlometeora.cz\/wp-content\/uploads\/2018\/07\/tot\u00e1l6-300x169.jpg 300w, http:\/\/divadlometeora.cz\/wp-content\/uploads\/2018\/07\/tot\u00e1l6-768x432.jpg 768w, http:\/\/divadlometeora.cz\/wp-content\/uploads\/2018\/07\/tot\u00e1l6-1024x576.jpg 1024w, http:\/\/divadlometeora.cz\/wp-content\/uploads\/2018\/07\/tot\u00e1l6.jpg 1600w\" sizes=\"(max-width: 300px) 100vw, 300px\" \/><\/a> <a href=\"http:\/\/divadlometeora.cz\/wp-content\/uploads\/2018\/07\/tot\u00e1l7.jpg\"><img decoding=\"async\" loading=\"lazy\" class=\"alignnone size-medium wp-image-900\" src=\"http:\/\/divadlometeora.cz\/wp-content\/uploads\/2018\/07\/tot\u00e1l7-300x169.jpg\" alt=\"\" width=\"300\" height=\"169\" srcset=\"http:\/\/divadlometeora.cz\/wp-content\/uploads\/2018\/07\/tot\u00e1l7-300x169.jpg 300w, http:\/\/divadlometeora.cz\/wp-content\/uploads\/2018\/07\/tot\u00e1l7-768x432.jpg 768w, http:\/\/divadlometeora.cz\/wp-content\/uploads\/2018\/07\/tot\u00e1l7-1024x576.jpg 1024w, http:\/\/divadlometeora.cz\/wp-content\/uploads\/2018\/07\/tot\u00e1l7.jpg 1600w\" sizes=\"(max-width: 300px) 100vw, 300px\" \/><\/a> <a href=\"http:\/\/divadlometeora.cz\/wp-content\/uploads\/2018\/07\/tot\u00e1l8.jpg\"><img decoding=\"async\" loading=\"lazy\" class=\"alignnone size-medium wp-image-899\" src=\"http:\/\/divadlometeora.cz\/wp-content\/uploads\/2018\/07\/tot\u00e1l8-300x200.jpg\" alt=\"\" width=\"300\" height=\"200\" srcset=\"http:\/\/divadlometeora.cz\/wp-content\/uploads\/2018\/07\/tot\u00e1l8-300x200.jpg 300w, http:\/\/divadlometeora.cz\/wp-content\/uploads\/2018\/07\/tot\u00e1l8.jpg 720w\" sizes=\"(max-width: 300px) 100vw, 300px\" \/><\/a><\/p>\n","protected":false},"excerpt":{"rendered":"","protected":false},"author":1,"featured_media":0,"parent":422,"menu_order":0,"comment_status":"closed","ping_status":"closed","template":"","meta":{"footnotes":""},"_links":{"self":[{"href":"http:\/\/divadlometeora.cz\/index.php?rest_route=\/wp\/v2\/pages\/469"}],"collection":[{"href":"http:\/\/divadlometeora.cz\/index.php?rest_route=\/wp\/v2\/pages"}],"about":[{"href":"http:\/\/divadlometeora.cz\/index.php?rest_route=\/wp\/v2\/types\/page"}],"author":[{"embeddable":true,"href":"http:\/\/divadlometeora.cz\/index.php?rest_route=\/wp\/v2\/users\/1"}],"replies":[{"embeddable":true,"href":"http:\/\/divadlometeora.cz\/index.php?rest_route=%2Fwp%2Fv2%2Fcomments&post=469"}],"version-history":[{"count":2,"href":"http:\/\/divadlometeora.cz\/index.php?rest_route=\/wp\/v2\/pages\/469\/revisions"}],"predecessor-version":[{"id":908,"href":"http:\/\/divadlometeora.cz\/index.php?rest_route=\/wp\/v2\/pages\/469\/revisions\/908"}],"up":[{"embeddable":true,"href":"http:\/\/divadlometeora.cz\/index.php?rest_route=\/wp\/v2\/pages\/422"}],"wp:attachment":[{"href":"http:\/\/divadlometeora.cz\/index.php?rest_route=%2Fwp%2Fv2%2Fmedia&parent=469"}],"curies":[{"name":"wp","href":"https:\/\/api.w.org\/{rel}","templated":true}]}}